{"id":214,"date":"2019-02-22T23:35:49","date_gmt":"2019-02-22T22:35:49","guid":{"rendered":"http:\/\/inpettodesign.de\/?page_id=214"},"modified":"2019-03-30T10:01:54","modified_gmt":"2019-03-30T09:01:54","slug":"impressum","status":"publish","type":"page","link":"https:\/\/inpettodesign.de\/?page_id=214","title":{"rendered":"Impressum"},"content":{"rendered":"\n<p class=\"has-text-color has-medium-gray-color\">Verantwortlich f\u00fcr Text und Bildmaterial:<\/p>\n\n\n\n<p class=\"has-text-color has-medium-gray-color\">franke.tv<br><\/p>\n\n\n\n<p class=\"has-text-color has-medium-gray-color\">30173 Hannover<\/p>\n\n\n\n<p class=\"has-text-color has-medium-gray-color\">Tel. 0171-541 66 88<\/p>\n\n\n\n<p class=\"has-text-color has-medium-gray-color\">INPETTO ist eine, seit 1992 t\u00e4tige, gewerblich angemeldete Designschmiede mit au\u00dfergew\u00f6hnlichen, eigenen Designs im Sinne der Kunst&amp;Funktion von A. Franke.<\/p>\n\n\n\n<p class=\"has-text-color has-medium-gray-color\">Alle Produkte sind gesch\u00fctzt beim Deutschen Marken- und Patentamt<\/p>\n","protected":false},"excerpt":{"rendered":"<p>Verantwortlich f\u00fcr Text und Bildmaterial: franke.tv 30173 Hannover Tel. 0171-541 66 88 INPETTO ist eine, seit 1992 t\u00e4tige, gewerblich angemeldete Designschmiede mit au\u00dfergew\u00f6hnlichen, eigenen Designs im Sinne der Kunst&amp;Funktion von A. Franke. Alle Produkte sind gesch\u00fctzt beim Deutschen Marken- und Patentamt<\/p>\n","protected":false},"author":1,"featured_media":0,"parent":0,"menu_order":0,"comment_status":"closed","ping_status":"closed","template":"","meta":[],"_links":{"self":[{"href":"https:\/\/inpettodesign.de\/index.php?rest_route=\/wp\/v2\/pages\/214"}],"collection":[{"href":"https:\/\/inpettodesign.de\/index.php?rest_route=\/wp\/v2\/pages"}],"about":[{"href":"https:\/\/inpettodesign.de\/index.php?rest_route=\/wp\/v2\/types\/page"}],"author":[{"embeddable":true,"href":"https:\/\/inpettodesign.de\/index.php?rest_route=\/wp\/v2\/users\/1"}],"replies":[{"embeddable":true,"href":"https:\/\/inpettodesign.de\/index.php?rest_route=%2Fwp%2Fv2%2Fcomments&post=214"}],"version-history":[{"count":8,"href":"https:\/\/inpettodesign.de\/index.php?rest_route=\/wp\/v2\/pages\/214\/revisions"}],"predecessor-version":[{"id":397,"href":"https:\/\/inpettodesign.de\/index.php?rest_route=\/wp\/v2\/pages\/214\/revisions\/397"}],"wp:attachment":[{"href":"https:\/\/inpettodesign.de\/index.php?rest_route=%2Fwp%2Fv2%2Fmedia&parent=214"}],"curies":[{"name":"wp","href":"https:\/\/api.w.org\/{rel}","templated":true}]}}