{"id":420,"date":"2019-09-17T14:25:03","date_gmt":"2019-09-17T12:25:03","guid":{"rendered":"http:\/\/inpettodesign.de\/?page_id=420"},"modified":"2020-09-01T16:57:52","modified_gmt":"2020-09-01T14:57:52","slug":"designschutz","status":"publish","type":"page","link":"https:\/\/inpettodesign.de\/?page_id=420","title":{"rendered":"Designschutz"},"content":{"rendered":"\n<p>Weil viele Menschen keine eigenen Ideen haben, kopieren sie einfach. Damit das nicht so einfach wird, sind alle Produkte von INPETTODESIGN  beim Deutschen Patentamt designgesch\u00fctzt. Wir freuen uns \u00fcber jeden, der gesch\u00e4ftlich mit uns geht, aber wehren uns gegen Plagiate unserer e i g e n e n e n Ideen.<\/p>\n\n\n\n<p><\/p>\n\n\n\n<figure class=\"wp-block-image\"><img loading=\"lazy\" width=\"756\" height=\"1024\" src=\"http:\/\/inpettodesign.de\/wp-content\/uploads\/2019\/09\/B558C010-83F4-4178-A184-2FAA25DB5A3D-e1568723040785-756x1024.jpeg\" alt=\"\" class=\"wp-image-421\" srcset=\"https:\/\/inpettodesign.de\/wp-content\/uploads\/2019\/09\/B558C010-83F4-4178-A184-2FAA25DB5A3D-e1568723040785-756x1024.jpeg 756w, https:\/\/inpettodesign.de\/wp-content\/uploads\/2019\/09\/B558C010-83F4-4178-A184-2FAA25DB5A3D-e1568723040785-350x474.jpeg 350w, https:\/\/inpettodesign.de\/wp-content\/uploads\/2019\/09\/B558C010-83F4-4178-A184-2FAA25DB5A3D-e1568723040785-222x300.jpeg 222w, https:\/\/inpettodesign.de\/wp-content\/uploads\/2019\/09\/B558C010-83F4-4178-A184-2FAA25DB5A3D-e1568723040785-768x1040.jpeg 768w, https:\/\/inpettodesign.de\/wp-content\/uploads\/2019\/09\/B558C010-83F4-4178-A184-2FAA25DB5A3D-e1568723040785-1200x1625.jpeg 1200w, https:\/\/inpettodesign.de\/wp-content\/uploads\/2019\/09\/B558C010-83F4-4178-A184-2FAA25DB5A3D-e1568723040785-scaled.jpeg 1891w\" sizes=\"(max-width: 706px) 89vw, (max-width: 767px) 82vw, 740px\" \/><\/figure>\n","protected":false},"excerpt":{"rendered":"<p>Weil viele Menschen keine eigenen Ideen haben, kopieren sie einfach. Damit das nicht so einfach wird, sind alle Produkte von INPETTODESIGN beim Deutschen Patentamt designgesch\u00fctzt. Wir freuen uns \u00fcber jeden, der gesch\u00e4ftlich mit uns geht, aber wehren uns gegen Plagiate unserer e i g e n e n e n Ideen.<\/p>\n","protected":false},"author":1,"featured_media":0,"parent":0,"menu_order":0,"comment_status":"closed","ping_status":"closed","template":"","meta":[],"_links":{"self":[{"href":"https:\/\/inpettodesign.de\/index.php?rest_route=\/wp\/v2\/pages\/420"}],"collection":[{"href":"https:\/\/inpettodesign.de\/index.php?rest_route=\/wp\/v2\/pages"}],"about":[{"href":"https:\/\/inpettodesign.de\/index.php?rest_route=\/wp\/v2\/types\/page"}],"author":[{"embeddable":true,"href":"https:\/\/inpettodesign.de\/index.php?rest_route=\/wp\/v2\/users\/1"}],"replies":[{"embeddable":true,"href":"https:\/\/inpettodesign.de\/index.php?rest_route=%2Fwp%2Fv2%2Fcomments&post=420"}],"version-history":[{"count":4,"href":"https:\/\/inpettodesign.de\/index.php?rest_route=\/wp\/v2\/pages\/420\/revisions"}],"predecessor-version":[{"id":582,"href":"https:\/\/inpettodesign.de\/index.php?rest_route=\/wp\/v2\/pages\/420\/revisions\/582"}],"wp:attachment":[{"href":"https:\/\/inpettodesign.de\/index.php?rest_route=%2Fwp%2Fv2%2Fmedia&parent=420"}],"curies":[{"name":"wp","href":"https:\/\/api.w.org\/{rel}","templated":true}]}}