{"id":427,"date":"2020-01-21T19:55:35","date_gmt":"2020-01-21T18:55:35","guid":{"rendered":"http:\/\/inpettodesign.de\/?page_id=427"},"modified":"2022-01-31T23:10:59","modified_gmt":"2022-01-31T22:10:59","slug":"promo","status":"publish","type":"page","link":"https:\/\/inpettodesign.de\/?page_id=427","title":{"rendered":"Angebot INPETTO Smart"},"content":{"rendered":"\n<p>Licht, genau wie Du es willst &#8211; f\u00fcr ein Lichterlebnis in neuer Dimension<\/p>\n\n\n\n<p>Diese einzigartige In&amp;Out Designleuchte\u00a0\u00a0INPETTO Smart ist die optimale L\u00f6sung\u00a0f\u00fcr Smart-Home Leuchtmittel. Eine au\u00dfergew\u00f6hnliche Design-Leuchte f\u00fcr drinnen und drau\u00dfen in einem einmaligen Design. Dazu das beste Smartsystem:      Philips \u201eHue White&amp;Color Ambiance-Starter Set mit LED-Leuchtmittel E27 inkl. Bridge.  Andere Smartsysteme gehen nat\u00fcrlich auch.  Mit App und Sprachsteuerung.                              Das ist das volle Smart-Home-Erlebnis f\u00fcr Dein Zuhause:    Steuere das Licht ganz einfach und flexibel, auch von unterwegs.  16 Mio. Farben und alle k\u00fchlen bis warmen Wei\u00dft\u00f6ne. Dein Licht nach Belieben, stelle verschiedene Lichtszenen ein oder synchronisiere das Licht mit Filmen, Games und Musik.  3 er Set Leuchte  f\u00fcr netto 999\u20ac. Einzelleuchte 400\u20ac.<\/p>\n\n\n\n<div class=\"alignnormal\"><div id=\"metaslider-id-618\" style=\"max-width: 1200px;\" class=\"ml-slider-3-17-6 metaslider metaslider-flex metaslider-618 ml-slider ms-theme-highway nav-hidden\">\n    <div id=\"metaslider_container_618\">\n        <div id=\"metaslider_618\" class=\"flexslider\">\n            <ul aria-live=\"polite\" class=\"slides\">\n                <li style=\"display: block; width: 100%;\" class=\"slide-619 ms-image\"><img src=\"https:\/\/inpettodesign.de\/wp-content\/uploads\/2020\/06\/E6331CF5-2AD8-4F71-BC54-4BF5DF0EAEB5-1200x780.jpeg\" height=\"780\" width=\"1200\" alt=\"\" class=\"slider-618 slide-619\" title=\"E6331CF5-2AD8-4F71-BC54-4BF5DF0EAEB5\" \/><\/li>\n                <li style=\"display: none; width: 100%;\" class=\"slide-620 ms-image\"><img src=\"https:\/\/inpettodesign.de\/wp-content\/uploads\/2020\/06\/D0173120-01CD-489E-8488-18636D1409AF-1200x780.jpeg\" height=\"780\" width=\"1200\" alt=\"\" class=\"slider-618 slide-620\" title=\"D0173120-01CD-489E-8488-18636D1409AF\" \/><\/li>\n                <li style=\"display: none; width: 100%;\" class=\"slide-621 ms-image\"><img src=\"https:\/\/inpettodesign.de\/wp-content\/uploads\/2020\/06\/48E59827-9A77-4743-B2AE-27C3F62A120A-scaled-1200x780.jpeg\" height=\"780\" width=\"1200\" alt=\"\" class=\"slider-618 slide-621\" title=\"48E59827-9A77-4743-B2AE-27C3F62A120A\" \/><\/li>\n                <li style=\"display: none; width: 100%;\" class=\"slide-622 ms-image\"><img src=\"https:\/\/inpettodesign.de\/wp-content\/uploads\/2020\/06\/E4B36E19-125F-4F4C-9658-4EA585DD089D-1200x780.jpeg\" height=\"780\" width=\"1200\" alt=\"\" class=\"slider-618 slide-622\" title=\"E4B36E19-125F-4F4C-9658-4EA585DD089D\" \/><\/li>\n                <li style=\"display: none; width: 100%;\" class=\"slide-623 ms-image\"><img src=\"https:\/\/inpettodesign.de\/wp-content\/uploads\/2020\/09\/0858249F-66BB-4859-9AC1-A86D72C18900-1200x780.jpeg\" height=\"780\" width=\"1200\" alt=\"\" class=\"slider-618 slide-623\" title=\"0858249F-66BB-4859-9AC1-A86D72C18900\" \/><\/li>\n                <li style=\"display: none; width: 100%;\" class=\"slide-624 ms-image\"><img src=\"https:\/\/inpettodesign.de\/wp-content\/uploads\/2020\/09\/F771A7C9-9FAE-4EEF-B13D-C655165DF5C7-1200x780.jpeg\" height=\"780\" width=\"1200\" alt=\"\" class=\"slider-618 slide-624\" title=\"F771A7C9-9FAE-4EEF-B13D-C655165DF5C7\" \/><\/li>\n                <li style=\"display: none; width: 100%;\" class=\"slide-625 ms-image\"><img src=\"https:\/\/inpettodesign.de\/wp-content\/uploads\/2020\/06\/A041E939-C470-4A57-879C-AA252AA2D7EE-1200x780.jpeg\" height=\"780\" width=\"1200\" alt=\"\" class=\"slider-618 slide-625\" title=\"A041E939-C470-4A57-879C-AA252AA2D7EE\" \/><\/li>\n            <\/ul>\n        <\/div>\n        \n    <\/div>\n<\/div><\/div>\n\n\n\n<p><br><\/p>\n\n\n\n<p><br><\/p>\n\n\n\n<p><br><\/p>\n\n\n\n<p><br><\/p>\n\n\n\n<p><br><\/p>\n\n\n\n<p><br><\/p>\n\n\n\n<p><br><\/p>\n\n\n\n<p><br><\/p>\n\n\n\n<p><\/p>\n\n\n\n<p><\/p>\n","protected":false},"excerpt":{"rendered":"<p>Licht, genau wie Du es willst &#8211; f\u00fcr ein Lichterlebnis in neuer Dimension Diese einzigartige In&amp;Out Designleuchte\u00a0\u00a0INPETTO Smart ist die optimale L\u00f6sung\u00a0f\u00fcr Smart-Home Leuchtmittel. Eine au\u00dfergew\u00f6hnliche Design-Leuchte f\u00fcr drinnen und drau\u00dfen in einem einmaligen Design. Dazu das beste Smartsystem: Philips \u201eHue White&amp;Color Ambiance-Starter Set mit LED-Leuchtmittel E27 inkl. Bridge. Andere Smartsysteme gehen nat\u00fcrlich auch. Mit &hellip; <\/p>\n<p class=\"link-more\"><a href=\"https:\/\/inpettodesign.de\/?page_id=427\" class=\"more-link\"><span class=\"screen-reader-text\">\u201eAngebot INPETTO Smart\u201c<\/span> weiterlesen<\/a><\/p>\n","protected":false},"author":1,"featured_media":0,"parent":0,"menu_order":0,"comment_status":"closed","ping_status":"closed","template":"","meta":[],"_links":{"self":[{"href":"https:\/\/inpettodesign.de\/index.php?rest_route=\/wp\/v2\/pages\/427"}],"collection":[{"href":"https:\/\/inpettodesign.de\/index.php?rest_route=\/wp\/v2\/pages"}],"about":[{"href":"https:\/\/inpettodesign.de\/index.php?rest_route=\/wp\/v2\/types\/page"}],"author":[{"embeddable":true,"href":"https:\/\/inpettodesign.de\/index.php?rest_route=\/wp\/v2\/users\/1"}],"replies":[{"embeddable":true,"href":"https:\/\/inpettodesign.de\/index.php?rest_route=%2Fwp%2Fv2%2Fcomments&post=427"}],"version-history":[{"count":9,"href":"https:\/\/inpettodesign.de\/index.php?rest_route=\/wp\/v2\/pages\/427\/revisions"}],"predecessor-version":[{"id":769,"href":"https:\/\/inpettodesign.de\/index.php?rest_route=\/wp\/v2\/pages\/427\/revisions\/769"}],"wp:attachment":[{"href":"https:\/\/inpettodesign.de\/index.php?rest_route=%2Fwp%2Fv2%2Fmedia&parent=427"}],"curies":[{"name":"wp","href":"https:\/\/api.w.org\/{rel}","templated":true}]}}