{"id":439,"date":"2020-03-03T22:36:50","date_gmt":"2020-03-03T21:36:50","guid":{"rendered":"http:\/\/inpettodesign.de\/?page_id=439"},"modified":"2020-10-31T10:17:25","modified_gmt":"2020-10-31T09:17:25","slug":"philosophie","status":"publish","type":"page","link":"https:\/\/inpettodesign.de\/?page_id=439","title":{"rendered":"Philosophie"},"content":{"rendered":"\n<p>Wir wenden uns an den stilvollen, individuellen Kunden, produzieren keine Massenware und fertigen nur auf Bestellung. Jedes von uns selbst entwickelte Design-Produkt muss hochwertig und edel sein und puristisch gut aussehen. Hinter dieser Philosophie steht der Designer Andreas Franke, der die Designfirma  1992 gegr\u00fcndet hat. Damals mit CD-St\u00e4ndern aus Marmor, Granit und Sandstein, die bundesweit bei Bang&amp;Olufsen exklusiv verkauft wurden. Heute ben\u00f6tigt keiner mehr CD-St\u00e4nder. Es folgten handgefertigte Manschettenkn\u00f6pfe aus Glas und Design-Tabletst\u00e4nder Airdocks. Alle Designs haben eines gemeinsam: schlichte, puristische Erscheinung bei hoher Funktionalit\u00e4t, \u00e4hnlich dem Bauhaus- Stil. Alle Serien wurden und sind schon erfolgreich verkauft. Das macht Mut f\u00fcr die Zukunft, zumal sich viele von uns  nach oder mit Corona wieder mehr auf ein sch\u00f6nes Zuhause besinnen<\/p>\n\n\n\n<p><\/p>\n\n\n\n<p>R\u00fcckbesinnung auf das Wesentliche: Eine smarte Leuchten-, vier Fackel- und drei Gl\u00e4serserien mit klarem Designkonzept. Als Gegentrend zur Reiz\u00fcberflutung hat sich gem\u00fctliches Ambiente heute fest in den Lebenswelten vieler moderner Menschen etabliert. Eine Tendenz, die sich auch in richtungsweisenden Designstilen, wie dem Architectural Style, widerspiegelt. Die bewusste \u201eReduzierung auf das Wesentliche\u201c bedeutet jedoch keineswegs den Verlust von Identit\u00e4t oder Ausdrucksst\u00e4rke. Vielmehr zeigt sich ein gest\u00e4rkter Charakter: hochwertige Materialien treffen auf klare Form und technische Funktionalit\u00e4t. <\/p>\n\n\n\n<p>Statt \u00ecmmer mehr` suchen wir das Besondere. Qualit\u00e4t statt Quantit\u00e4t. Wir achten dabei auf Materialien, Fertigung und kurze Wege. H\u00f6chste Qualit\u00e4t, Sch\u00f6nheit und Alltagstauglichkeit spiegelt unsere Geisteshaltung wider. Ein gutes Produkt muss funktional, ansprechend und beziehungsf\u00e4hig sein. Es hat seine eigene Pers\u00f6nlichkeit. Besonders deutlich wird das bei unserer Glasserie. Eigenst\u00e4ndig, charaktervoll und sorgf\u00e4ltig gefertigt. Immer mit der Frage verbunden, wer braucht dieses Produkt und warum ist es so besser als etwas, was es schon gibt? <\/p>\n\n\n\n<p>Und so sind auch die multifunktionale Designleuchte und  die Fackeln, &nbsp;f\u00fcr den In- und Outdoor Bereich  von INPETTO Design entwickelt worden.<\/p>\n\n\n\n<p><\/p>\n\n\n\n<p><\/p>\n","protected":false},"excerpt":{"rendered":"<p>Wir wenden uns an den stilvollen, individuellen Kunden, produzieren keine Massenware und fertigen nur auf Bestellung. Jedes von uns selbst entwickelte Design-Produkt muss hochwertig und edel sein und puristisch gut aussehen. Hinter dieser Philosophie steht der Designer Andreas Franke, der die Designfirma 1992 gegr\u00fcndet hat. Damals mit CD-St\u00e4ndern aus Marmor, Granit und Sandstein, die bundesweit &hellip; <\/p>\n<p class=\"link-more\"><a href=\"https:\/\/inpettodesign.de\/?page_id=439\" class=\"more-link\"><span class=\"screen-reader-text\">\u201ePhilosophie\u201c<\/span> weiterlesen<\/a><\/p>\n","protected":false},"author":1,"featured_media":0,"parent":0,"menu_order":0,"comment_status":"closed","ping_status":"closed","template":"","meta":[],"_links":{"self":[{"href":"https:\/\/inpettodesign.de\/index.php?rest_route=\/wp\/v2\/pages\/439"}],"collection":[{"href":"https:\/\/inpettodesign.de\/index.php?rest_route=\/wp\/v2\/pages"}],"about":[{"href":"https:\/\/inpettodesign.de\/index.php?rest_route=\/wp\/v2\/types\/page"}],"author":[{"embeddable":true,"href":"https:\/\/inpettodesign.de\/index.php?rest_route=\/wp\/v2\/users\/1"}],"replies":[{"embeddable":true,"href":"https:\/\/inpettodesign.de\/index.php?rest_route=%2Fwp%2Fv2%2Fcomments&post=439"}],"version-history":[{"count":9,"href":"https:\/\/inpettodesign.de\/index.php?rest_route=\/wp\/v2\/pages\/439\/revisions"}],"predecessor-version":[{"id":764,"href":"https:\/\/inpettodesign.de\/index.php?rest_route=\/wp\/v2\/pages\/439\/revisions\/764"}],"wp:attachment":[{"href":"https:\/\/inpettodesign.de\/index.php?rest_route=%2Fwp%2Fv2%2Fmedia&parent=439"}],"curies":[{"name":"wp","href":"https:\/\/api.w.org\/{rel}","templated":true}]}}