{"id":95,"date":"2019-02-21T10:26:29","date_gmt":"2019-02-21T09:26:29","guid":{"rendered":"http:\/\/inpettodesign.de\/?page_id=95"},"modified":"2020-09-01T17:02:56","modified_gmt":"2020-09-01T15:02:56","slug":"produkte","status":"publish","type":"page","link":"https:\/\/inpettodesign.de\/?page_id=95","title":{"rendered":"INPETTO Produkte"},"content":{"rendered":"\n<p class=\"has-text-color has-medium-gray-color\"><a href=\"http:\/\/www.inpettodesign.de\">INPETTO<\/a> Smart &#8211; die innovative smarte In- und Outdoorl\u00f6sung mit dieser exklusiven Designleuchte f\u00fcr die innovative Smart-Beleuchtung. Handmade in Gemany. Weltweit einzigartig.<\/p>\n\n\n\n<p>INPETTO Gl\u00e4ser &#8211; Puristisch in einer deutschen Glasmanufaktur mundgeblasen und handgerfertigt. Long Shots und Cock Tail. <\/p>\n\n\n\n<p class=\"has-text-color has-medium-gray-color\"><a href=\"http:\/\/www.flamedesign.de\">FLAMEDESIGN<\/a> &#8211; die innovative Fackel- und Kerzenl\u00f6sung aus Schwarzstahl f\u00fcr In- und Outdoor in einem System. Mit Erdspie\u00df oder Bodenplatte. Handmade in Germany. St\u00fcck f\u00fcr St\u00fcck hangefertigt, was den sozial benachteiligten Menschen der Lebenshilfe hilft. Weltweit einzigartig. <\/p>\n\n\n\n<p class=\"has-text-color has-medium-gray-color\"><a href=\"http:\/\/www.airdock.de\"><\/a><a href=\"http:\/\/airdock.de\">AIRDOCK<\/a> &#8211; der innovative Tablet- und Smartphone &#8211; Designst\u00e4nder. Vereint art &amp; design. Exklusives Acryl oder Aluminium. Der ideale Reisebegleiter oder f\u00fcrs B\u00fcro. Handmade in Germany. Weltweit einzigartig.<\/p>\n\n\n\n<p class=\"has-text-color has-medium-gray-color\"><a href=\"https:\/\/www.amazon.de\/Packenger-One-World-Della-Verschiedenen\/dp\/B01HWZNFO8\">DELLA KOFFER<\/a> \u201eOne World\u201c &#8211; designed by DELLA mit  bedeutenden Symbolen aus der ganzen Welt. Ein exklusiver Designkoffer im 3 er Set oder einzeln, in vier verschiedenen Farben mit Motiven des deutschen Pop- Art K\u00fcnstlers DELLA.<\/p>\n\n\n\n<p class=\"has-text-color has-medium-gray-color\">Alle Produkte von INPETTO sind beim Deutschen Patent- und Markenamt gesch\u00fctzt.<\/p>\n","protected":false},"excerpt":{"rendered":"<p>INPETTO Smart &#8211; die innovative smarte In- und Outdoorl\u00f6sung mit dieser exklusiven Designleuchte f\u00fcr die innovative Smart-Beleuchtung. Handmade in Gemany. Weltweit einzigartig. INPETTO Gl\u00e4ser &#8211; Puristisch in einer deutschen Glasmanufaktur mundgeblasen und handgerfertigt. Long Shots und Cock Tail. FLAMEDESIGN &#8211; die innovative Fackel- und Kerzenl\u00f6sung aus Schwarzstahl f\u00fcr In- und Outdoor in einem System. Mit &hellip; <\/p>\n<p class=\"link-more\"><a href=\"https:\/\/inpettodesign.de\/?page_id=95\" class=\"more-link\"><span class=\"screen-reader-text\">\u201eINPETTO Produkte\u201c<\/span> weiterlesen<\/a><\/p>\n","protected":false},"author":1,"featured_media":0,"parent":0,"menu_order":0,"comment_status":"closed","ping_status":"closed","template":"","meta":[],"_links":{"self":[{"href":"https:\/\/inpettodesign.de\/index.php?rest_route=\/wp\/v2\/pages\/95"}],"collection":[{"href":"https:\/\/inpettodesign.de\/index.php?rest_route=\/wp\/v2\/pages"}],"about":[{"href":"https:\/\/inpettodesign.de\/index.php?rest_route=\/wp\/v2\/types\/page"}],"author":[{"embeddable":true,"href":"https:\/\/inpettodesign.de\/index.php?rest_route=\/wp\/v2\/users\/1"}],"replies":[{"embeddable":true,"href":"https:\/\/inpettodesign.de\/index.php?rest_route=%2Fwp%2Fv2%2Fcomments&post=95"}],"version-history":[{"count":17,"href":"https:\/\/inpettodesign.de\/index.php?rest_route=\/wp\/v2\/pages\/95\/revisions"}],"predecessor-version":[{"id":586,"href":"https:\/\/inpettodesign.de\/index.php?rest_route=\/wp\/v2\/pages\/95\/revisions\/586"}],"wp:attachment":[{"href":"https:\/\/inpettodesign.de\/index.php?rest_route=%2Fwp%2Fv2%2Fmedia&parent=95"}],"curies":[{"name":"wp","href":"https:\/\/api.w.org\/{rel}","templated":true}]}}